{"id":167,"date":"2019-01-11T15:15:09","date_gmt":"2019-01-11T15:15:09","guid":{"rendered":"http:\/\/therapiehunde-alfdorf.de\/?page_id=167"},"modified":"2019-01-13T12:09:33","modified_gmt":"2019-01-13T12:09:33","slug":"angst-vor-hunden","status":"publish","type":"page","link":"https:\/\/therapiehunde-alfdorf.de\/?page_id=167","title":{"rendered":"Angst vor Hunden"},"content":{"rendered":"<section class=\"l-section wpb_row height_medium\"><div class=\"l-section-h i-cf\"><div class=\"g-cols vc_row via_grid cols_1 laptops-cols_inherit tablets-cols_inherit mobiles-cols_1 valign_top type_default stacking_default\"><div class=\"wpb_column vc_column_container\"><div class=\"vc_column-inner\"><div class=\"w-image style_shadow-1 align_left\"><div class=\"w-image-h\"><img loading=\"lazy\" decoding=\"async\" class=\"g-placeholder\" src=\"https:\/\/therapiehunde-alfdorf.de\/wp-content\/plugins\/us-core\/assets\/images\/placeholder.svg\" width=\"600\" height=\"600\" alt><\/div><\/div><div class=\"wpb_text_column\"><div class=\"wpb_wrapper\"><p><span style=\"font-family: arial, helvetica, sans-serif; font-size: 18pt;\"><strong>Hilfe bei Angst vor Hunden<\/strong><\/span><\/p>\n<p><span style=\"font-family: arial, helvetica, sans-serif; font-size: 14pt;\">Im Herbst letztes Jahr hatten wir eine Anfrage von einer jungen Mutter mit massiver Angst vor Hunden. Sie wollte sich ihrem Problem stellen und war sehr motiviert. Durch regelm\u00e4\u00dfige Treffen konnte sie St\u00fcck f\u00fcr St\u00fcck Selbstvertrauen entwickeln und sich den Hundebegegnungen stellen.<\/span><\/p>\n<p><span style=\"font-family: arial, helvetica, sans-serif; font-size: 14pt;\">Dadurch ist ihr Selbstvertrauen sehr gewachsen und inzwischen k\u00f6nnte sie sich sogar vorstellen, sich selbst einen Hund anzuschaffen.<\/span><\/p>\n<\/div><\/div><\/div><\/div><\/div><\/div><\/section>\n","protected":false},"excerpt":{"rendered":"Hilfe bei Angst vor Hunden Im Herbst letztes Jahr hatten wir eine Anfrage von einer jungen Mutter mit massiver Angst vor Hunden. Sie wollte sich ihrem Problem stellen und war sehr motiviert. Durch regelm\u00e4\u00dfige Treffen konnte sie St\u00fcck f\u00fcr St\u00fcck Selbstvertrauen entwickeln und sich den Hundebegegnungen stellen. Dadurch ist ihr Selbstvertrauen sehr gewachsen und inzwischen...","protected":false},"author":1,"featured_media":0,"parent":0,"menu_order":0,"comment_status":"closed","ping_status":"closed","template":"","meta":{"_acf_changed":false,"ngg_post_thumbnail":0,"footnotes":""},"class_list":["post-167","page","type-page","status-publish","hentry"],"acf":[],"jetpack_sharing_enabled":true,"_links":{"self":[{"href":"https:\/\/therapiehunde-alfdorf.de\/index.php?rest_route=\/wp\/v2\/pages\/167","targetHints":{"allow":["GET"]}}],"collection":[{"href":"https:\/\/therapiehunde-alfdorf.de\/index.php?rest_route=\/wp\/v2\/pages"}],"about":[{"href":"https:\/\/therapiehunde-alfdorf.de\/index.php?rest_route=\/wp\/v2\/types\/page"}],"author":[{"embeddable":true,"href":"https:\/\/therapiehunde-alfdorf.de\/index.php?rest_route=\/wp\/v2\/users\/1"}],"replies":[{"embeddable":true,"href":"https:\/\/therapiehunde-alfdorf.de\/index.php?rest_route=%2Fwp%2Fv2%2Fcomments&post=167"}],"version-history":[{"count":5,"href":"https:\/\/therapiehunde-alfdorf.de\/index.php?rest_route=\/wp\/v2\/pages\/167\/revisions"}],"predecessor-version":[{"id":226,"href":"https:\/\/therapiehunde-alfdorf.de\/index.php?rest_route=\/wp\/v2\/pages\/167\/revisions\/226"}],"wp:attachment":[{"href":"https:\/\/therapiehunde-alfdorf.de\/index.php?rest_route=%2Fwp%2Fv2%2Fmedia&parent=167"}],"curies":[{"name":"wp","href":"https:\/\/api.w.org\/{rel}","templated":true}]}}