{"id":174,"date":"2019-01-12T19:50:37","date_gmt":"2019-01-12T19:50:37","guid":{"rendered":"http:\/\/therapiehunde-alfdorf.de\/?page_id=174"},"modified":"2019-01-13T09:18:45","modified_gmt":"2019-01-13T09:18:45","slug":"hospiz","status":"publish","type":"page","link":"https:\/\/therapiehunde-alfdorf.de\/?page_id=174","title":{"rendered":"Hospiz"},"content":{"rendered":"<section class=\"l-section wpb_row height_medium\"><div class=\"l-section-h i-cf\"><div class=\"g-cols vc_row via_grid cols_1 laptops-cols_inherit tablets-cols_inherit mobiles-cols_1 valign_top type_default stacking_default\"><div class=\"wpb_column vc_column_container\"><div class=\"vc_column-inner\"><div class=\"wpb_text_column\"><div class=\"wpb_wrapper\"><p><span style=\"font-family: arial, helvetica, sans-serif; font-size: 18pt;\"><strong><em>Einsatz im Hospiz<\/em><\/strong><\/span><\/p>\n<p><span style=\"font-family: arial, helvetica, sans-serif; font-size: 14pt;\">Frau O. ist seit November 2010 im Hospiz. Sie hat schon einen langen Krankheitsverlauf hinter sich. Ihre Krankheit begann 2008 mit einem fieberhaften Infekt mit Harnverhalt und starken unklaren Schmerzen. Es stellte sich ein Darmkarzinom heraus, das operiert wurde und mit Chemotherapie zum Stillstand gebracht werden sollte.<\/span><\/p>\n<p><span style=\"font-family: arial, helvetica, sans-serif; font-size: 14pt;\">Leider wuchs der Tumor weiter und streute aus, so dass Metastasen in der Lunge und Leber gefunden wurden. Es wurden in den folgenden Jahren mehrere gro\u00dfe und schwere Operationen durchgef\u00fchrt mit der Anlage eines&nbsp; k\u00fcnstlichen Darmausgangs.<\/span><\/p>\n<p><span style=\"font-family: arial, helvetica, sans-serif; font-size: 14pt;\">Diese schwere Zeit, die starken Schmerzen, sowie ihr schlechter Allgemeinzustand f\u00fchrten dazu, dass Frau O. sich f\u00fcr das station\u00e4re Hospiz entschieden hat.<\/span><\/p>\n<p><span style=\"font-family: arial, helvetica, sans-serif; font-size: 14pt;\">Frau O. hat sehr viel Freude an Tieren. Tierhaltung war bei Ihr Zuhause nicht m\u00f6glich. So war die Freude an Daisy sehr gro\u00df<\/span><\/p>\n<p><span style=\"font-family: arial, helvetica, sans-serif; font-size: 14pt;\">Sie war in ihrer Familie immer die treibende und alles steuernde Kraft. So ist es ihr ein Bed\u00fcrfnis alles zu kontrollieren und zu beaufsichtigen, sie kann schlecht abschalten und entspannen. Selbst ruhige, besinnliche Momente beunruhigen sie und dann weint sie viel.<\/span><\/p>\n<p><span style=\"font-family: arial, helvetica, sans-serif; font-size: 14pt;\">Beim Therapiehundeeinsatz vergisst Frau O. f\u00fcr kurze Zeit ihre Probleme. Sie muss sich auf ihr neues Gegen\u00fcber einstellen. Sie strengt sich sehr an um mit Daisy deutlich zu reden und ist dabei ganz aufmerksam und wach!<\/span><\/p>\n<p><span style=\"font-family: arial, helvetica, sans-serif; font-size: 14pt;\">Sie kann dem Hund noch eine Freude machen indem sie ihm was zum Essen geben und ihn streicheln kann. Ber\u00fchrung tut Frau O. sehr gut, vor allem wenn sie sie selbst durchf\u00fchren kann.<\/span><\/p>\n<\/div><\/div><\/div><\/div><\/div><\/div><\/section>\n","protected":false},"excerpt":{"rendered":"Einsatz im Hospiz Frau O. ist seit November 2010 im Hospiz. Sie hat schon einen langen Krankheitsverlauf hinter sich. Ihre Krankheit begann 2008 mit einem fieberhaften Infekt mit Harnverhalt und starken unklaren Schmerzen. Es stellte sich ein Darmkarzinom heraus, das operiert wurde und mit Chemotherapie zum Stillstand gebracht werden sollte. Leider wuchs der Tumor weiter...","protected":false},"author":1,"featured_media":0,"parent":0,"menu_order":0,"comment_status":"closed","ping_status":"closed","template":"","meta":{"_acf_changed":false,"ngg_post_thumbnail":0,"footnotes":""},"class_list":["post-174","page","type-page","status-publish","hentry"],"acf":[],"jetpack_sharing_enabled":true,"_links":{"self":[{"href":"https:\/\/therapiehunde-alfdorf.de\/index.php?rest_route=\/wp\/v2\/pages\/174","targetHints":{"allow":["GET"]}}],"collection":[{"href":"https:\/\/therapiehunde-alfdorf.de\/index.php?rest_route=\/wp\/v2\/pages"}],"about":[{"href":"https:\/\/therapiehunde-alfdorf.de\/index.php?rest_route=\/wp\/v2\/types\/page"}],"author":[{"embeddable":true,"href":"https:\/\/therapiehunde-alfdorf.de\/index.php?rest_route=\/wp\/v2\/users\/1"}],"replies":[{"embeddable":true,"href":"https:\/\/therapiehunde-alfdorf.de\/index.php?rest_route=%2Fwp%2Fv2%2Fcomments&post=174"}],"version-history":[{"count":4,"href":"https:\/\/therapiehunde-alfdorf.de\/index.php?rest_route=\/wp\/v2\/pages\/174\/revisions"}],"predecessor-version":[{"id":223,"href":"https:\/\/therapiehunde-alfdorf.de\/index.php?rest_route=\/wp\/v2\/pages\/174\/revisions\/223"}],"wp:attachment":[{"href":"https:\/\/therapiehunde-alfdorf.de\/index.php?rest_route=%2Fwp%2Fv2%2Fmedia&parent=174"}],"curies":[{"name":"wp","href":"https:\/\/api.w.org\/{rel}","templated":true}]}}