{"id":176,"date":"2019-01-12T19:51:12","date_gmt":"2019-01-12T19:51:12","guid":{"rendered":"http:\/\/therapiehunde-alfdorf.de\/?page_id=176"},"modified":"2019-01-13T09:16:59","modified_gmt":"2019-01-13T09:16:59","slug":"blinde-menschen","status":"publish","type":"page","link":"https:\/\/therapiehunde-alfdorf.de\/?page_id=176","title":{"rendered":"Blinde Menschen"},"content":{"rendered":"<section class=\"l-section wpb_row height_medium\"><div class=\"l-section-h i-cf\"><div class=\"g-cols vc_row via_grid cols_1 laptops-cols_inherit tablets-cols_inherit mobiles-cols_1 valign_top type_default stacking_default\"><div class=\"wpb_column vc_column_container\"><div class=\"vc_column-inner\"><div class=\"wpb_text_column\"><div class=\"wpb_wrapper\"><p><span style=\"font-family: arial, helvetica, sans-serif; font-size: 18pt;\"><strong>Einsatz bei blinden Menschen<\/strong><\/span><\/p>\n<p><span style=\"font-family: arial, helvetica, sans-serif; font-size: 14pt;\">Herr L. hat eine k\u00f6rperliche und geistige ist Einschr\u00e4nkung. Er ist start sehbehindert. Tierkontakt und Tiern\u00e4he kennt Herr L. nicht aber er ist offen daf\u00fcr. Er sp\u00fcrt die Lebendigkeit und das Fell der Hunde und freut sich \u00fcber N\u00e4he und K\u00f6rperkontakt. Bei der Hundetherapie bringt er seine Freude durch lautes Lachen zum Ausdruck.<\/span><\/p>\n<\/div><\/div><\/div><\/div><\/div><\/div><\/section>\n","protected":false},"excerpt":{"rendered":"Einsatz bei blinden Menschen Herr L. hat eine k\u00f6rperliche und geistige ist Einschr\u00e4nkung. Er ist start sehbehindert. Tierkontakt und Tiern\u00e4he kennt Herr L. nicht aber er ist offen daf\u00fcr. Er sp\u00fcrt die Lebendigkeit und das Fell der Hunde und freut sich \u00fcber N\u00e4he und K\u00f6rperkontakt. Bei der Hundetherapie bringt er seine Freude durch lautes Lachen...","protected":false},"author":1,"featured_media":0,"parent":0,"menu_order":0,"comment_status":"closed","ping_status":"closed","template":"","meta":{"_acf_changed":false,"ngg_post_thumbnail":0,"footnotes":""},"class_list":["post-176","page","type-page","status-publish","hentry"],"acf":[],"jetpack_sharing_enabled":true,"_links":{"self":[{"href":"https:\/\/therapiehunde-alfdorf.de\/index.php?rest_route=\/wp\/v2\/pages\/176","targetHints":{"allow":["GET"]}}],"collection":[{"href":"https:\/\/therapiehunde-alfdorf.de\/index.php?rest_route=\/wp\/v2\/pages"}],"about":[{"href":"https:\/\/therapiehunde-alfdorf.de\/index.php?rest_route=\/wp\/v2\/types\/page"}],"author":[{"embeddable":true,"href":"https:\/\/therapiehunde-alfdorf.de\/index.php?rest_route=\/wp\/v2\/users\/1"}],"replies":[{"embeddable":true,"href":"https:\/\/therapiehunde-alfdorf.de\/index.php?rest_route=%2Fwp%2Fv2%2Fcomments&post=176"}],"version-history":[{"count":3,"href":"https:\/\/therapiehunde-alfdorf.de\/index.php?rest_route=\/wp\/v2\/pages\/176\/revisions"}],"predecessor-version":[{"id":224,"href":"https:\/\/therapiehunde-alfdorf.de\/index.php?rest_route=\/wp\/v2\/pages\/176\/revisions\/224"}],"wp:attachment":[{"href":"https:\/\/therapiehunde-alfdorf.de\/index.php?rest_route=%2Fwp%2Fv2%2Fmedia&parent=176"}],"curies":[{"name":"wp","href":"https:\/\/api.w.org\/{rel}","templated":true}]}}