{"id":293,"date":"2024-03-04T17:34:56","date_gmt":"2024-03-04T17:34:56","guid":{"rendered":"http:\/\/therapiehunde-alfdorf.de\/?page_id=293"},"modified":"2024-03-04T18:49:54","modified_gmt":"2024-03-04T18:49:54","slug":"chilly","status":"publish","type":"page","link":"https:\/\/therapiehunde-alfdorf.de\/?page_id=293","title":{"rendered":"Chilly"},"content":{"rendered":"<section class=\"l-section wpb_row height_medium\"><div class=\"l-section-h i-cf\"><div class=\"g-cols vc_row via_grid cols_1 laptops-cols_inherit tablets-cols_inherit mobiles-cols_1 valign_top type_default stacking_default\"><div class=\"wpb_column vc_column_container\"><div class=\"vc_column-inner\"><div class=\"w-image style_shadow-1 align_left\"><div class=\"w-image-h\"><img loading=\"lazy\" decoding=\"async\" width=\"600\" height=\"600\" src=\"https:\/\/therapiehunde-alfdorf.de\/wp-content\/uploads\/2Q5A7895-FS-600x600.jpg\" class=\"attachment-us_600_600_crop size-us_600_600_crop\" alt=\"\" srcset=\"https:\/\/therapiehunde-alfdorf.de\/wp-content\/uploads\/\/2Q5A7895-FS-600x600.jpg 600w, https:\/\/therapiehunde-alfdorf.de\/wp-content\/uploads\/\/2Q5A7895-FS-150x150.jpg 150w, https:\/\/therapiehunde-alfdorf.de\/wp-content\/uploads\/\/2Q5A7895-FS-350x350.jpg 350w\" sizes=\"auto, (max-width: 600px) 100vw, 600px\" \/><\/div><\/div><div class=\"wpb_text_column us_custom_057801f8\"><div class=\"wpb_wrapper\"><p>\u00a0<\/p>\n<p><span style=\"font-family: arial, helvetica, sans-serif; font-size: 18pt;\"><strong>Chilly<\/strong><\/span><\/p>\n<p><span style=\"font-family: arial, helvetica, sans-serif; font-size: 18pt;\">Rasse: Zwergpudel<\/span><\/p>\n<p><span style=\"font-family: arial, helvetica, sans-serif; font-size: 18pt;\">Geboren am 14.03.2023<\/span><\/p>\n<p>\u00a0<\/p>\n<p><span style=\"font-family: arial, helvetica, sans-serif; font-size: 18pt;\">Chilly ist ein kleiner Wirbelwind.<\/span><\/p>\n<p><span style=\"font-family: arial, helvetica, sans-serif; font-size: 18pt;\">Sie ist ein lustiger, fr\u00f6hlicher Hund. <\/span><span style=\"font-family: arial, helvetica, sans-serif; font-size: 18pt;\">Immer offen f\u00fcr Neues.<\/span><\/p>\n<p><span style=\"font-family: arial, helvetica, sans-serif; font-size: 18pt;\">Sie findet Menschen toll.<\/span><\/p>\n<p><span style=\"font-family: arial, helvetica, sans-serif; font-size: 18pt;\">Ihr Fell ist nicht haarend und der Kontakt mit Hundehaarallergikern ist m\u00f6glich.<\/span><\/p>\n<\/div><\/div><\/div><\/div><\/div><\/div><\/section>\n","protected":false},"excerpt":{"rendered":"\u00a0 Chilly Rasse: Zwergpudel Geboren am 14.03.2023 \u00a0 Chilly ist ein kleiner Wirbelwind. Sie ist ein lustiger, fr\u00f6hlicher Hund. Immer offen f\u00fcr Neues. Sie findet Menschen toll. Ihr Fell ist nicht haarend und der Kontakt mit Hundehaarallergikern ist m\u00f6glich.","protected":false},"author":1,"featured_media":0,"parent":0,"menu_order":0,"comment_status":"closed","ping_status":"closed","template":"","meta":{"_acf_changed":false,"ngg_post_thumbnail":0,"footnotes":""},"class_list":["post-293","page","type-page","status-publish","hentry"],"acf":[],"jetpack_sharing_enabled":true,"_links":{"self":[{"href":"https:\/\/therapiehunde-alfdorf.de\/index.php?rest_route=\/wp\/v2\/pages\/293","targetHints":{"allow":["GET"]}}],"collection":[{"href":"https:\/\/therapiehunde-alfdorf.de\/index.php?rest_route=\/wp\/v2\/pages"}],"about":[{"href":"https:\/\/therapiehunde-alfdorf.de\/index.php?rest_route=\/wp\/v2\/types\/page"}],"author":[{"embeddable":true,"href":"https:\/\/therapiehunde-alfdorf.de\/index.php?rest_route=\/wp\/v2\/users\/1"}],"replies":[{"embeddable":true,"href":"https:\/\/therapiehunde-alfdorf.de\/index.php?rest_route=%2Fwp%2Fv2%2Fcomments&post=293"}],"version-history":[{"count":11,"href":"https:\/\/therapiehunde-alfdorf.de\/index.php?rest_route=\/wp\/v2\/pages\/293\/revisions"}],"predecessor-version":[{"id":338,"href":"https:\/\/therapiehunde-alfdorf.de\/index.php?rest_route=\/wp\/v2\/pages\/293\/revisions\/338"}],"wp:attachment":[{"href":"https:\/\/therapiehunde-alfdorf.de\/index.php?rest_route=%2Fwp%2Fv2%2Fmedia&parent=293"}],"curies":[{"name":"wp","href":"https:\/\/api.w.org\/{rel}","templated":true}]}}