{"id":313,"date":"2024-03-04T17:59:16","date_gmt":"2024-03-04T17:59:16","guid":{"rendered":"http:\/\/therapiehunde-alfdorf.de\/?page_id=313"},"modified":"2024-03-04T18:52:20","modified_gmt":"2024-03-04T18:52:20","slug":"maya-2","status":"publish","type":"page","link":"https:\/\/therapiehunde-alfdorf.de\/?page_id=313","title":{"rendered":"Maya"},"content":{"rendered":"<section class=\"l-section wpb_row height_medium\"><div class=\"l-section-h i-cf\"><div class=\"g-cols vc_row via_grid cols_1 laptops-cols_inherit tablets-cols_inherit mobiles-cols_1 valign_top type_default stacking_default\"><div class=\"wpb_column vc_column_container\"><div class=\"vc_column-inner\"><div class=\"w-image style_shadow-1 align_left\"><div class=\"w-image-h\"><img loading=\"lazy\" decoding=\"async\" width=\"600\" height=\"600\" src=\"https:\/\/therapiehunde-alfdorf.de\/wp-content\/uploads\/PFOTICA_8717-600x600.jpg\" class=\"attachment-us_600_600_crop size-us_600_600_crop\" alt=\"\" srcset=\"https:\/\/therapiehunde-alfdorf.de\/wp-content\/uploads\/PFOTICA_8717-600x600.jpg 600w, https:\/\/therapiehunde-alfdorf.de\/wp-content\/uploads\/PFOTICA_8717-150x150.jpg 150w, https:\/\/therapiehunde-alfdorf.de\/wp-content\/uploads\/PFOTICA_8717-350x350.jpg 350w, https:\/\/therapiehunde-alfdorf.de\/wp-content\/uploads\/PFOTICA_8717-300x300.jpg 300w\" sizes=\"auto, (max-width: 600px) 100vw, 600px\" \/><\/div><\/div><div class=\"wpb_text_column\"><div class=\"wpb_wrapper\"><p>\u00a0<\/p>\n<p><span style=\"font-family: arial, helvetica, sans-serif; font-size: 18pt;\"><strong>Maya<\/strong><\/span><\/p>\n<p><span style=\"font-family: arial, helvetica, sans-serif; font-size: 18pt;\">Rasse: Bolonka Zwetna<\/span><\/p>\n<p><span style=\"font-family: arial, helvetica, sans-serif; font-size: 18pt;\">Geboren am: 12.10.2011<\/span><\/p>\n<p>\u00a0<\/p>\n<p><span style=\"font-family: arial, helvetica, sans-serif; font-size: 18pt;\">Sie ist eine kleine s\u00fc\u00dfe H\u00fcndin mit viel Freude am Umgang mit Menschen. <\/span><\/p>\n<p><span style=\"font-family: arial, helvetica, sans-serif; font-size: 18pt;\">Durch ihr Fell, das nicht haarend ist, ist auch der Kontakt zu Hundehaarallergikern m\u00f6glich.<\/span><\/p>\n<\/div><\/div><\/div><\/div><\/div><\/div><\/section>\n","protected":false},"excerpt":{"rendered":"\u00a0 Maya Rasse: Bolonka Zwetna Geboren am: 12.10.2011 \u00a0 Sie ist eine kleine s\u00fc\u00dfe H\u00fcndin mit viel Freude am Umgang mit Menschen. Durch ihr Fell, das nicht haarend ist, ist auch der Kontakt zu Hundehaarallergikern m\u00f6glich.","protected":false},"author":1,"featured_media":0,"parent":0,"menu_order":0,"comment_status":"closed","ping_status":"closed","template":"","meta":{"_acf_changed":false,"ngg_post_thumbnail":0,"footnotes":""},"class_list":["post-313","page","type-page","status-publish","hentry"],"acf":[],"jetpack_sharing_enabled":true,"_links":{"self":[{"href":"https:\/\/therapiehunde-alfdorf.de\/index.php?rest_route=\/wp\/v2\/pages\/313","targetHints":{"allow":["GET"]}}],"collection":[{"href":"https:\/\/therapiehunde-alfdorf.de\/index.php?rest_route=\/wp\/v2\/pages"}],"about":[{"href":"https:\/\/therapiehunde-alfdorf.de\/index.php?rest_route=\/wp\/v2\/types\/page"}],"author":[{"embeddable":true,"href":"https:\/\/therapiehunde-alfdorf.de\/index.php?rest_route=\/wp\/v2\/users\/1"}],"replies":[{"embeddable":true,"href":"https:\/\/therapiehunde-alfdorf.de\/index.php?rest_route=%2Fwp%2Fv2%2Fcomments&post=313"}],"version-history":[{"count":6,"href":"https:\/\/therapiehunde-alfdorf.de\/index.php?rest_route=\/wp\/v2\/pages\/313\/revisions"}],"predecessor-version":[{"id":340,"href":"https:\/\/therapiehunde-alfdorf.de\/index.php?rest_route=\/wp\/v2\/pages\/313\/revisions\/340"}],"wp:attachment":[{"href":"https:\/\/therapiehunde-alfdorf.de\/index.php?rest_route=%2Fwp%2Fv2%2Fmedia&parent=313"}],"curies":[{"name":"wp","href":"https:\/\/api.w.org\/{rel}","templated":true}]}}