{"id":38,"date":"2019-01-07T19:09:53","date_gmt":"2019-01-07T19:09:53","guid":{"rendered":"http:\/\/therapiehunde-alfdorf.de\/?page_id=38"},"modified":"2024-03-04T17:17:12","modified_gmt":"2024-03-04T17:17:12","slug":"therapie","status":"publish","type":"page","link":"https:\/\/therapiehunde-alfdorf.de\/?page_id=38","title":{"rendered":"Therapie"},"content":{"rendered":"<section class=\"l-section wpb_row height_medium\"><div class=\"l-section-h i-cf\"><div class=\"g-cols vc_row via_grid cols_1 laptops-cols_inherit tablets-cols_inherit mobiles-cols_1 valign_top type_default stacking_default\"><div class=\"wpb_column vc_column_container\"><div class=\"vc_column-inner\"><div class=\"wpb_text_column\"><div class=\"wpb_wrapper\"><p><span style=\"font-size: 24pt; font-family: arial, helvetica, sans-serif;\"><strong>Therapie<\/strong><\/span><\/p>\n<\/div><\/div><div class=\"w-image style_shadow-1 align_left\"><div class=\"w-image-h\"><img loading=\"lazy\" decoding=\"async\" width=\"600\" height=\"600\" src=\"https:\/\/therapiehunde-alfdorf.de\/wp-content\/uploads\/PIA_9642-600x600.jpg\" class=\"attachment-us_600_600_crop size-us_600_600_crop\" alt=\"\" srcset=\"https:\/\/therapiehunde-alfdorf.de\/wp-content\/uploads\/PIA_9642-600x600.jpg 600w, https:\/\/therapiehunde-alfdorf.de\/wp-content\/uploads\/PIA_9642-150x150.jpg 150w, https:\/\/therapiehunde-alfdorf.de\/wp-content\/uploads\/PIA_9642-350x350.jpg 350w, https:\/\/therapiehunde-alfdorf.de\/wp-content\/uploads\/PIA_9642-300x300.jpg 300w\" sizes=\"auto, (max-width: 600px) 100vw, 600px\" \/><\/div><\/div><div class=\"wpb_text_column\"><div class=\"wpb_wrapper\"><p>\u00a0<\/p>\n<p><span style=\"font-family: arial, helvetica, sans-serif; font-size: 14pt;\">Die Arbeit mit einem Therapiebegleithund ist in vielen Lebenssituationen hilfreich.\u00a0<\/span><br \/><span style=\"font-family: arial, helvetica, sans-serif; font-size: 14pt;\">Die N\u00e4he zum Tier erm\u00f6glicht vielen Menschen eine intensive K\u00f6rperwahrnehmung und kann helfen zur Ruhe und Entspannung zu kommen.<\/span><\/p>\n<p><span style=\"font-family: arial, helvetica, sans-serif; font-size: 14pt;\">Bei vielen Erkrankungen kann die Arbeit mit einem Therapiehund den Heilungs- und Gesundungsprozess positiv beeinflussen.\u00a0<\/span><br \/><span style=\"font-family: arial, helvetica, sans-serif; font-size: 14pt;\">Ebenso erleben Menschen mit eingeschr\u00e4nkter Alltagskompetenz in der Arbeit mit Hunden N\u00e4he, Vertrauen und Erfolgserlebnisse.<\/span><\/p>\n<p><span style=\"font-family: arial, helvetica, sans-serif; font-size: 14pt;\">Die Hunde k\u00f6nnen sowohl mit Einzelpersonen als auch in Gruppen arbeiten.\u00a0<\/span><br \/><span style=\"font-family: arial, helvetica, sans-serif; font-size: 14pt;\">\u00dcberhaupt ist die therapeutische Arbeit mit den Hunden sehr spielerisch und l\u00e4sst viel Raum f\u00fcr Individuelles.\u00a0<\/span><br \/><span style=\"font-family: arial, helvetica, sans-serif; font-size: 14pt;\">Spielerische Elemente, die Freude am Umgang mit den Hunden und die kleinen und gro\u00dfen Erfolgserlebnisse stehen im Vordergrund der Arbeit.\u00a0<\/span><\/p>\n<p><span style=\"font-family: arial, helvetica, sans-serif; font-size: 14pt;\">Auch der Ort, an dem gearbeitet wird, kann sehr individuell sein. Ob in der freien Natur, bei Ihnen Zuhause, in der Einrichtung oder in meinem Therapieraum&#8230; alles ist m\u00f6glich<\/span><\/p>\n<\/div><\/div><\/div><\/div><\/div><\/div><\/section>\n","protected":false},"excerpt":{"rendered":"Therapie \u00a0 Die Arbeit mit einem Therapiebegleithund ist in vielen Lebenssituationen hilfreich.\u00a0Die N\u00e4he zum Tier erm\u00f6glicht vielen Menschen eine intensive K\u00f6rperwahrnehmung und kann helfen zur Ruhe und Entspannung zu kommen. Bei vielen Erkrankungen kann die Arbeit mit einem Therapiehund den Heilungs- und Gesundungsprozess positiv beeinflussen.\u00a0Ebenso erleben Menschen mit eingeschr\u00e4nkter Alltagskompetenz in der Arbeit mit Hunden...","protected":false},"author":1,"featured_media":0,"parent":0,"menu_order":0,"comment_status":"closed","ping_status":"closed","template":"","meta":{"_acf_changed":false,"ngg_post_thumbnail":0,"footnotes":""},"class_list":["post-38","page","type-page","status-publish","hentry"],"acf":[],"jetpack_sharing_enabled":true,"_links":{"self":[{"href":"https:\/\/therapiehunde-alfdorf.de\/index.php?rest_route=\/wp\/v2\/pages\/38","targetHints":{"allow":["GET"]}}],"collection":[{"href":"https:\/\/therapiehunde-alfdorf.de\/index.php?rest_route=\/wp\/v2\/pages"}],"about":[{"href":"https:\/\/therapiehunde-alfdorf.de\/index.php?rest_route=\/wp\/v2\/types\/page"}],"author":[{"embeddable":true,"href":"https:\/\/therapiehunde-alfdorf.de\/index.php?rest_route=\/wp\/v2\/users\/1"}],"replies":[{"embeddable":true,"href":"https:\/\/therapiehunde-alfdorf.de\/index.php?rest_route=%2Fwp%2Fv2%2Fcomments&post=38"}],"version-history":[{"count":6,"href":"https:\/\/therapiehunde-alfdorf.de\/index.php?rest_route=\/wp\/v2\/pages\/38\/revisions"}],"predecessor-version":[{"id":292,"href":"https:\/\/therapiehunde-alfdorf.de\/index.php?rest_route=\/wp\/v2\/pages\/38\/revisions\/292"}],"wp:attachment":[{"href":"https:\/\/therapiehunde-alfdorf.de\/index.php?rest_route=%2Fwp%2Fv2%2Fmedia&parent=38"}],"curies":[{"name":"wp","href":"https:\/\/api.w.org\/{rel}","templated":true}]}}