{"id":40,"date":"2019-01-10T10:52:58","date_gmt":"2019-01-10T10:52:58","guid":{"rendered":"http:\/\/therapiehunde-alfdorf.de\/?page_id=40"},"modified":"2019-01-12T21:04:02","modified_gmt":"2019-01-12T21:04:02","slug":"ausbildung","status":"publish","type":"page","link":"https:\/\/therapiehunde-alfdorf.de\/?page_id=40","title":{"rendered":"Ausbildung"},"content":{"rendered":"<section class=\"l-section wpb_row height_medium\"><div class=\"l-section-h i-cf\"><div class=\"g-cols vc_row via_grid cols_1 laptops-cols_inherit tablets-cols_inherit mobiles-cols_1 valign_top type_default stacking_default\"><div class=\"wpb_column vc_column_container\"><div class=\"vc_column-inner\"><div class=\"wpb_text_column\"><div class=\"wpb_wrapper\"><p><span style=\"font-family: arial, helvetica, sans-serif; font-size: 24pt;\"><strong>Ausbildung<\/strong><\/span><\/p>\n<\/div><\/div><div class=\"w-image style_shadow-1 align_left\"><div class=\"w-image-h\"><img loading=\"lazy\" decoding=\"async\" width=\"600\" height=\"600\" src=\"https:\/\/therapiehunde-alfdorf.de\/wp-content\/uploads\/Gruppe-4-600x600.jpg\" class=\"attachment-us_600_600_crop size-us_600_600_crop\" alt=\"\" srcset=\"https:\/\/therapiehunde-alfdorf.de\/wp-content\/uploads\/Gruppe-4-600x600.jpg 600w, https:\/\/therapiehunde-alfdorf.de\/wp-content\/uploads\/Gruppe-4-150x150.jpg 150w, https:\/\/therapiehunde-alfdorf.de\/wp-content\/uploads\/Gruppe-4-350x350.jpg 350w, https:\/\/therapiehunde-alfdorf.de\/wp-content\/uploads\/Gruppe-4-300x300.jpg 300w\" sizes=\"auto, (max-width: 600px) 100vw, 600px\" \/><\/div><\/div><div class=\"wpb_text_column\"><div class=\"wpb_wrapper\"><p><span style=\"font-family: arial, helvetica, sans-serif; font-size: 14pt;\">Die Ausbildung der Hunde findet am M\u00fcnsteraner Institut f\u00fcr therapeutische Fortbildung und tiergest\u00fctzte Therapie (MITTT) statt.<\/span><\/p>\n<p><span style=\"font-family: arial, helvetica, sans-serif; font-size: 14pt;\">Dort k\u00f6nnen Menschen mit einer sozialp\u00e4dagogischen Ausbildung und einem geeigneten Hund teilnehmen.&nbsp;<\/span><br \/>\n<span style=\"font-family: arial, helvetica, sans-serif; font-size: 14pt;\">Es sind mehrere Seminare, die aufeinander aufbauen.<\/span><\/p>\n<p><span style=\"font-family: arial, helvetica, sans-serif; font-size: 14pt;\">Die Pr\u00fcfung kann erst, wenn der Hund achtzehn Monate alt ist und alle Seminare besucht wurden, stattfinden.<\/span><\/p>\n<p><span style=\"font-family: arial, helvetica, sans-serif; font-size: 14pt;\">Gepr\u00fcft wird das Mensch-Hund Team, die Gehorsamkeit des Hundes und theoretische Kenntnisse. Es muss eine Videodokumentation angefertigt werden, in der die Arbeit und der Einsatz des Hundes vorgestellt wird. Sind die Pr\u00fcfungsziele erreicht erh\u00e4lt das Team eine zertifizierte Zulassung des TBD e.V.<\/span><\/p>\n<p><span style=\"font-family: arial, helvetica, sans-serif; font-size: 14pt;\">Alle zwei Jahre wird das Wesen des Hundes nachgepr\u00fcft.<\/span><\/p>\n<\/div><\/div><\/div><\/div><\/div><\/div><\/section>\n","protected":false},"excerpt":{"rendered":"Ausbildung Die Ausbildung der Hunde findet am M\u00fcnsteraner Institut f\u00fcr therapeutische Fortbildung und tiergest\u00fctzte Therapie (MITTT) statt. Dort k\u00f6nnen Menschen mit einer sozialp\u00e4dagogischen Ausbildung und einem geeigneten Hund teilnehmen.&nbsp; Es sind mehrere Seminare, die aufeinander aufbauen. Die Pr\u00fcfung kann erst, wenn der Hund achtzehn Monate alt ist und alle Seminare besucht wurden, stattfinden. Gepr\u00fcft wird...","protected":false},"author":1,"featured_media":0,"parent":0,"menu_order":0,"comment_status":"closed","ping_status":"closed","template":"","meta":{"_acf_changed":false,"ngg_post_thumbnail":0,"footnotes":""},"class_list":["post-40","page","type-page","status-publish","hentry"],"acf":[],"jetpack_sharing_enabled":true,"_links":{"self":[{"href":"https:\/\/therapiehunde-alfdorf.de\/index.php?rest_route=\/wp\/v2\/pages\/40","targetHints":{"allow":["GET"]}}],"collection":[{"href":"https:\/\/therapiehunde-alfdorf.de\/index.php?rest_route=\/wp\/v2\/pages"}],"about":[{"href":"https:\/\/therapiehunde-alfdorf.de\/index.php?rest_route=\/wp\/v2\/types\/page"}],"author":[{"embeddable":true,"href":"https:\/\/therapiehunde-alfdorf.de\/index.php?rest_route=\/wp\/v2\/users\/1"}],"replies":[{"embeddable":true,"href":"https:\/\/therapiehunde-alfdorf.de\/index.php?rest_route=%2Fwp%2Fv2%2Fcomments&post=40"}],"version-history":[{"count":6,"href":"https:\/\/therapiehunde-alfdorf.de\/index.php?rest_route=\/wp\/v2\/pages\/40\/revisions"}],"predecessor-version":[{"id":221,"href":"https:\/\/therapiehunde-alfdorf.de\/index.php?rest_route=\/wp\/v2\/pages\/40\/revisions\/221"}],"wp:attachment":[{"href":"https:\/\/therapiehunde-alfdorf.de\/index.php?rest_route=%2Fwp%2Fv2%2Fmedia&parent=40"}],"curies":[{"name":"wp","href":"https:\/\/api.w.org\/{rel}","templated":true}]}}